{"id":7055,"date":"2019-09-11T21:59:26","date_gmt":"2019-09-11T19:59:26","guid":{"rendered":"https:\/\/www.giqs.eu\/impressum\/"},"modified":"2022-08-22T10:53:27","modified_gmt":"2022-08-22T08:53:27","slug":"colofon","status":"publish","type":"page","link":"https:\/\/www.giqs.org\/nl\/colofon\/","title":{"rendered":"Colofon"},"content":{"rendered":"\n<h1>Colofon<\/h1>\n\n\n\n<h2>Adressen en contactgegevens <\/h2>\n\n\n\n<h3 class=\"headline-impressum\">Informatie volgens \u00a7 5 TMG<strong>:<\/strong><\/h3>\n\n\n\n<p><strong>Interessengemeinschaft Grenz\u00fcberschreitende<\/strong><br><strong>Integrierte Qualit\u00e4tssicherung (GIQS) e.V. <\/strong><br>Boschstra\u00dfe 16<br>D-47533 Kleve<\/p>\n\n\n\n<p>telefoon:  +49 2226 871030 <br>e-mail: <a href=\"mailto:info@giqs.org\">info@giqs.org<\/a><\/p>\n\n\n\n<h4>Bestuurskantoor<\/h4>\n\n\n\n<p>Marie-Curie-Stra\u00dfe 3<br>D-53359 Rheinbach<\/p>\n\n\n\n<h3 class=\"headline-impressum\">Gezamenlijk bevoegd om te vertegenwoordigen:<\/h3>\n\n\n\n<h4>Voorzitter<\/h4>\n\n\n\n<p><strong>Dr. Oliver Breuer<\/strong><br>Marie-Curie-Stra\u00dfe 3<br>D-53359 Rheinbach<br>telefon: +49 1515 2424711<br>e-mail: <a href=\"mailto:o.breuer@giqs.org\">o.breuer@giqs.org<\/a><\/p>\n\n\n\n<h4>Plaatsvervanger<\/h4>\n\n\n\n<p><strong>Dr. Tim M\u00e4kelburg<br><\/strong>Marie-Curie-Stra\u00dfe 3<br>D-53359 Rheinbach<br>telefon: +49 179 1105976<br>e-mail: <a href=\"mailto:t.maekelburg@giqs.org\">t.maekelburg@giqs.org<\/a><\/p>\n\n\n\n<h3 class=\"headline-impressum\">Raad van toezicht<\/h3>\n\n\n\n<p>Prof. Dr. Brigitte Petersen, Dr. Helmut W. Saatkamp, Johan Zandbergen<\/p>\n\n\n\n<h3 class=\"headline-impressum\">Registratie en belastingkantoor <\/h3>\n\n\n\n<p>Kantongerecht Kleve<br>Registratienummer: VR 1079<\/p>\n\n\n\n<p>Belastingdienst: St. Augustin<\/p>\n\n\n\n<h3 class=\"headline-impressum\">Verantwoordelijk in de zin van \u00a7 55 Abs. 2 RStV<\/h3>\n\n\n\n<p><strong>Dr. Oliver Breuer<\/strong><br>Marie-Curie-Stra\u00dfe 3<br>D-53359 Rheinbach<\/p>\n\n\n\n<h3 class=\"headline-impressum\">K<strong>antoren<\/strong><\/h3>\n\n\n\n<h4><strong>Kleve<\/strong><\/h4>\n\n\n\n<p>GIQS e.V.<br>Boschstra\u00dfe 16<br>D-47533 Kleve<\/p>\n\n\n\n<h4><strong>Gronau<\/strong><\/h4>\n\n\n\n<p>GIQS e.V. <br>L\u00f6hrings Weide 14<br>D-48599 Gronau<\/p>\n\n\n\n<h4><strong>Spiekeroog<\/strong><\/h4>\n\n\n\n<p>GIQS e.V.<br>Noorderpad 12a<br>D-26474 Spiekeroog<\/p>\n\n\n\n<h5 class=\"headline-impressum\">Fotocredits<\/h5>\n\n\n\n<p>Op deze website worden foto&#8217;s van de diensten Fotolia\/<a rel=\"noreferrer noopener\" aria-label=\"Adobe Stock (\u00f6ffnet in neuem Tab)\" href=\"https:\/\/stock.adobe.com\" target=\"_blank\">Adobe Stock<\/a>, <a rel=\"noreferrer noopener\" href=\"http:\/\/www.pixelio.de\/\" target=\"_blank\">Pixelio<\/a>, <a rel=\"noreferrer noopener\" aria-label=\"Pixabay (\u00f6ffnet in neuem Tab)\" href=\"https:\/\/pixabay.com\" target=\"_blank\">Pixabay<\/a>, <a rel=\"noreferrer noopener\" aria-label=\"Pexels (\u00f6ffnet in neuem Tab)\" href=\"https:\/\/www.pexels.com\" target=\"_blank\">Pexels<\/a> en <a rel=\"noreferrer noopener\" aria-label=\"Unsplash (\u00f6ffnet in neuem Tab)\" href=\"https:\/\/unsplash.com\/\" target=\"_blank\">Unsplash<\/a> gebruikt. De foto in de slider op de startpagina is een collage uit de volgende bronnen: alotofpeople\/lim_pix\/fotolia.<\/p>\n\n\n\n<h5 class=\"headline-impressum\">Disclaimer<\/h5>\n\n\n\n<p>De links op deze pagina&#8217;s naar de inhoud van websites van derden (&#8220;inhoud van derden&#8221;) zijn naar beste weten en met de grootst mogelijke zorgvuldigheid door GIQS gemaakt en geven alleen toegang tot &#8220;inhoud van derden&#8221;.<\/p>\n\n\n\n<p>GIQS heeft geen invloed op de &#8220;externe inhoud&#8221; van gelinkte websites van derden en kan hiervoor geen aansprakelijkheid aanvaarden. Voor de inhoud van de gelinkte pagina&#8217;s is uitsluitend de desbetreffende aanbieder of exploitant van de pagina&#8217;s verantwoordelijk. Zodra wij op de hoogte zijn van eventuele juridische inbreuken, zullen wij dergelijke links onmiddellijk verwijderen.<\/p>\n\n\n\n<p>Alle binnen het internetaanbod genoemde en eventueel door derden beschermde merken en handelsmerken zijn zonder enige beperking onderworpen aan de bepalingen van het geldende merkenrecht en de eigendomsrechten van de betreffende geregistreerde eigenaars. Het enkele feit dat een merk wordt genoemd, mag niet leiden tot de conclusie dat het niet beschermd is door de rechten van derden!<\/p>\n\n\n\n<p>Het auteursrecht voor door GIQS e.V. zelf gemaakte objecten ligt bij GIQS. Verveelvoudiging of gebruik van objecten zoals diagrammen, geluiden of teksten in andere elektronische of gedrukte publicaties is zonder toestemming van GIQS e.V. niet toegestaan.<\/p>\n\n\n\n<h5 class=\"headline-impressum\">Meld een fout<\/h5>\n\n\n\n<p>Indien u onvolkomenheden en\/of fouten ontdekt, stellen wij het op prijs als u ons hiervan per e-mail op de hoogte brengt via <a href=\"mailto:info@giqs.org\">info@giqs.org<\/a>.<\/p>\n\n\n\n<br><br>\n<div class=\"shariff shariff-align-flex-start shariff-widget-align-flex-start\"><ul class=\"shariff-buttons theme-color orientation-horizontal buttonsize-medium\"><li class=\"shariff-button twitter\" style=\"background-color:#9e9e9e\"><a href=\"https:\/\/twitter.com\/share?url=https%3A%2F%2Fwww.giqs.org%2Fnl%2Fcolofon%2F&text=Colofon\" title=\"Bei X teilen\" aria-label=\"Bei X teilen\" role=\"button\" rel=\"noopener nofollow\" class=\"shariff-link\" style=\"; background-color:#499db6; color:#fff\" target=\"_blank\"><span class=\"shariff-icon\" style=\"\"><svg width=\"32px\" height=\"20px\" xmlns=\"http:\/\/www.w3.org\/2000\/svg\" viewBox=\"0 0 24 24\"><path fill=\"#000\" d=\"M14.258 10.152L23.176 0h-2.113l-7.747 8.813L7.133 0H0l9.352 13.328L0 23.973h2.113l8.176-9.309 6.531 9.309h7.133zm-2.895 3.293l-.949-1.328L2.875 1.56h3.246l6.086 8.523.945 1.328 7.91 11.078h-3.246zm0 0\"\/><\/svg><\/span><span class=\"shariff-text\">teilen<\/span>&nbsp;<\/a><\/li><li class=\"shariff-button linkedin\" style=\"background-color:#9e9e9e\"><a href=\"https:\/\/www.linkedin.com\/sharing\/share-offsite\/?url=https%3A%2F%2Fwww.giqs.org%2Fnl%2Fcolofon%2F\" title=\"Bei LinkedIn teilen\" aria-label=\"Bei LinkedIn teilen\" role=\"button\" rel=\"noopener nofollow\" class=\"shariff-link\" style=\"; background-color:#499db6; color:#fff\" target=\"_blank\"><span class=\"shariff-icon\" style=\"\"><svg width=\"32px\" height=\"20px\" xmlns=\"http:\/\/www.w3.org\/2000\/svg\" viewBox=\"0 0 27 32\"><path fill=\"#0077b5\" d=\"M6.2 11.2v17.7h-5.9v-17.7h5.9zM6.6 5.7q0 1.3-0.9 2.2t-2.4 0.9h0q-1.5 0-2.4-0.9t-0.9-2.2 0.9-2.2 2.4-0.9 2.4 0.9 0.9 2.2zM27.4 18.7v10.1h-5.9v-9.5q0-1.9-0.7-2.9t-2.3-1.1q-1.1 0-1.9 0.6t-1.2 1.5q-0.2 0.5-0.2 1.4v9.9h-5.9q0-7.1 0-11.6t0-5.3l0-0.9h5.9v2.6h0q0.4-0.6 0.7-1t1-0.9 1.6-0.8 2-0.3q3 0 4.9 2t1.9 6z\"\/><\/svg><\/span><span class=\"shariff-text\">teilen<\/span>&nbsp;<\/a><\/li><li class=\"shariff-button xing\" style=\"background-color:#9e9e9e\"><a href=\"https:\/\/www.xing.com\/spi\/shares\/new?url=https%3A%2F%2Fwww.giqs.org%2Fnl%2Fcolofon%2F\" title=\"Bei XING teilen\" aria-label=\"Bei XING teilen\" role=\"button\" rel=\"noopener nofollow\" class=\"shariff-link\" style=\"; background-color:#499db6; color:#fff\" target=\"_blank\"><span class=\"shariff-icon\" style=\"\"><svg width=\"32px\" height=\"20px\" xmlns=\"http:\/\/www.w3.org\/2000\/svg\" viewBox=\"0 0 25 32\"><path fill=\"#126567\" d=\"M10.7 11.9q-0.2 0.3-4.6 8.2-0.5 0.8-1.2 0.8h-4.3q-0.4 0-0.5-0.3t0-0.6l4.5-8q0 0 0 0l-2.9-5q-0.2-0.4 0-0.7 0.2-0.3 0.5-0.3h4.3q0.7 0 1.2 0.8zM25.1 0.4q0.2 0.3 0 0.7l-9.4 16.7 6 11q0.2 0.4 0 0.6-0.2 0.3-0.6 0.3h-4.3q-0.7 0-1.2-0.8l-6-11.1q0.3-0.6 9.5-16.8 0.4-0.8 1.2-0.8h4.3q0.4 0 0.5 0.3z\"\/><\/svg><\/span><span class=\"shariff-text\">teilen<\/span>&nbsp;<\/a><\/li><li class=\"shariff-button facebook\" style=\"background-color:#9e9e9e\"><a href=\"https:\/\/www.facebook.com\/sharer\/sharer.php?u=https%3A%2F%2Fwww.giqs.org%2Fnl%2Fcolofon%2F\" title=\"Bei Facebook teilen\" aria-label=\"Bei Facebook teilen\" role=\"button\" rel=\"nofollow\" class=\"shariff-link\" style=\"; background-color:#499db6; color:#fff\" target=\"_blank\"><span class=\"shariff-icon\" style=\"\"><svg width=\"32px\" height=\"20px\" xmlns=\"http:\/\/www.w3.org\/2000\/svg\" viewBox=\"0 0 18 32\"><path fill=\"#3b5998\" d=\"M17.1 0.2v4.7h-2.8q-1.5 0-2.1 0.6t-0.5 1.9v3.4h5.2l-0.7 5.3h-4.5v13.6h-5.5v-13.6h-4.5v-5.3h4.5v-3.9q0-3.3 1.9-5.2t5-1.8q2.6 0 4.1 0.2z\"\/><\/svg><\/span><span class=\"shariff-text\">teilen<\/span>&nbsp;<\/a><\/li><li class=\"shariff-button whatsapp shariff-mobile\" style=\"background-color:#9e9e9e\"><a href=\"https:\/\/api.whatsapp.com\/send?text=https%3A%2F%2Fwww.giqs.org%2Fnl%2Fcolofon%2F%20Colofon\" title=\"Bei Whatsapp teilen\" aria-label=\"Bei Whatsapp teilen\" role=\"button\" rel=\"noopener nofollow\" class=\"shariff-link\" style=\"; background-color:#499db6; color:#fff\" target=\"_blank\"><span class=\"shariff-icon\" style=\"\"><svg width=\"32px\" height=\"20px\" xmlns=\"http:\/\/www.w3.org\/2000\/svg\" viewBox=\"0 0 32 32\"><path fill=\"#34af23\" d=\"M17.6 17.4q0.2 0 1.7 0.8t1.6 0.9q0 0.1 0 0.3 0 0.6-0.3 1.4-0.3 0.7-1.3 1.2t-1.8 0.5q-1 0-3.4-1.1-1.7-0.8-3-2.1t-2.6-3.3q-1.3-1.9-1.3-3.5v-0.1q0.1-1.6 1.3-2.8 0.4-0.4 0.9-0.4 0.1 0 0.3 0t0.3 0q0.3 0 0.5 0.1t0.3 0.5q0.1 0.4 0.6 1.6t0.4 1.3q0 0.4-0.6 1t-0.6 0.8q0 0.1 0.1 0.3 0.6 1.3 1.8 2.4 1 0.9 2.7 1.8 0.2 0.1 0.4 0.1 0.3 0 1-0.9t0.9-0.9zM14 26.9q2.3 0 4.3-0.9t3.6-2.4 2.4-3.6 0.9-4.3-0.9-4.3-2.4-3.6-3.6-2.4-4.3-0.9-4.3 0.9-3.6 2.4-2.4 3.6-0.9 4.3q0 3.6 2.1 6.6l-1.4 4.2 4.3-1.4q2.8 1.9 6.2 1.9zM14 2.2q2.7 0 5.2 1.1t4.3 2.9 2.9 4.3 1.1 5.2-1.1 5.2-2.9 4.3-4.3 2.9-5.2 1.1q-3.5 0-6.5-1.7l-7.4 2.4 2.4-7.2q-1.9-3.2-1.9-6.9 0-2.7 1.1-5.2t2.9-4.3 4.3-2.9 5.2-1.1z\"\/><\/svg><\/span><span class=\"shariff-text\">teilen<\/span>&nbsp;<\/a><\/li><li class=\"shariff-button mailto\" style=\"background-color:#9e9e9e\"><a href=\"mailto:?body=https%3A%2F%2Fwww.giqs.org%2Fnl%2Fcolofon%2F&subject=Colofon\" title=\"Per E-Mail versenden\" aria-label=\"Per E-Mail versenden\" role=\"button\" rel=\"noopener nofollow\" class=\"shariff-link\" style=\"; background-color:#499db6; color:#fff\"><span class=\"shariff-icon\" style=\"\"><svg width=\"32px\" height=\"20px\" xmlns=\"http:\/\/www.w3.org\/2000\/svg\" viewBox=\"0 0 32 32\"><path fill=\"#999\" d=\"M32 12.7v14.2q0 1.2-0.8 2t-2 0.9h-26.3q-1.2 0-2-0.9t-0.8-2v-14.2q0.8 0.9 1.8 1.6 6.5 4.4 8.9 6.1 1 0.8 1.6 1.2t1.7 0.9 2 0.4h0.1q0.9 0 2-0.4t1.7-0.9 1.6-1.2q3-2.2 8.9-6.1 1-0.7 1.8-1.6zM32 7.4q0 1.4-0.9 2.7t-2.2 2.2q-6.7 4.7-8.4 5.8-0.2 0.1-0.7 0.5t-1 0.7-0.9 0.6-1.1 0.5-0.9 0.2h-0.1q-0.4 0-0.9-0.2t-1.1-0.5-0.9-0.6-1-0.7-0.7-0.5q-1.6-1.1-4.7-3.2t-3.6-2.6q-1.1-0.7-2.1-2t-1-2.5q0-1.4 0.7-2.3t2.1-0.9h26.3q1.2 0 2 0.8t0.9 2z\"\/><\/svg><\/span><span class=\"shariff-text\">E-Mail<\/span>&nbsp;<\/a><\/li><\/ul><\/div>","protected":false},"excerpt":{"rendered":"<p>Colofon Adressen en contactgegevens Informatie volgens \u00a7 5 TMG: Interessengemeinschaft Grenz\u00fcberschreitendeIntegrierte Qualit\u00e4tssicherung (GIQS) e.V. Boschstra\u00dfe 16D-47533 Kleve telefoon: +49 2226 871030 e-mail: info@giqs.org Bestuurskantoor Marie-Curie-Stra\u00dfe 3D-53359 Rheinbach Gezamenlijk bevoegd om te vertegenwoordigen: Voorzitter Dr. Oliver BreuerMarie-Curie-Stra\u00dfe 3D-53359 Rheinbachtelefon: +49 1515 2424711e-mail: o.breuer@giqs.org Plaatsvervanger Dr. Tim M\u00e4kelburgMarie-Curie-Stra\u00dfe 3D-53359 Rheinbachtelefon: +49 179 1105976e-mail: t.maekelburg@giqs.org Raad van toezicht [&hellip;]<\/p>\n","protected":false},"author":1,"featured_media":0,"parent":0,"menu_order":0,"comment_status":"closed","ping_status":"closed","template":"","meta":{"inline_featured_image":false,"ngg_post_thumbnail":0},"_links":{"self":[{"href":"https:\/\/www.giqs.org\/nl\/wp-json\/wp\/v2\/pages\/7055"}],"collection":[{"href":"https:\/\/www.giqs.org\/nl\/wp-json\/wp\/v2\/pages"}],"about":[{"href":"https:\/\/www.giqs.org\/nl\/wp-json\/wp\/v2\/types\/page"}],"author":[{"embeddable":true,"href":"https:\/\/www.giqs.org\/nl\/wp-json\/wp\/v2\/users\/1"}],"replies":[{"embeddable":true,"href":"https:\/\/www.giqs.org\/nl\/wp-json\/wp\/v2\/comments?post=7055"}],"version-history":[{"count":10,"href":"https:\/\/www.giqs.org\/nl\/wp-json\/wp\/v2\/pages\/7055\/revisions"}],"predecessor-version":[{"id":9414,"href":"https:\/\/www.giqs.org\/nl\/wp-json\/wp\/v2\/pages\/7055\/revisions\/9414"}],"wp:attachment":[{"href":"https:\/\/www.giqs.org\/nl\/wp-json\/wp\/v2\/media?parent=7055"}],"curies":[{"name":"wp","href":"https:\/\/api.w.org\/{rel}","templated":true}]}}