{"id":7533,"date":"2019-09-11T21:59:26","date_gmt":"2019-09-11T19:59:26","guid":{"rendered":"https:\/\/www.giqs.eu\/impressum\/"},"modified":"2022-08-22T10:53:51","modified_gmt":"2022-08-22T08:53:51","slug":"imprint","status":"publish","type":"page","link":"https:\/\/www.giqs.org\/en\/imprint\/","title":{"rendered":"Imprint"},"content":{"rendered":"\n<h1>Imprint<\/h1>\n\n\n\n<h2>Contact and address <\/h2>\n\n\n\n<h3 class=\"headline-impressum\">According to \u00a7 5 TMG<strong>:<\/strong><\/h3>\n\n\n\n<p><strong>Interessengemeinschaft Grenz\u00fcberschreitende<\/strong><br><strong>Integrierte Qualit\u00e4tssicherung (GIQS) e.V. <\/strong><br>Boschstra\u00dfe 16<br>D-47533 Kleve<\/p>\n\n\n\n<p>phone: +49 2226 871030 <br>email: <a href=\"mailto:info@giqs.org\">info@giqs.org<\/a><\/p>\n\n\n\n<h4><strong>Board office<\/strong><\/h4>\n\n\n\n<p>Marie-Curie-Stra\u00dfe 3<br>D-53359 Rheinbach<\/p>\n\n\n\n<h3 class=\"headline-impressum\">Jointly authorized to act:<\/h3>\n\n\n\n<h4>Chairman<\/h4>\n\n\n\n<p><strong>Dr. Oliver Breuer<\/strong><br>Marie-Curie-Stra\u00dfe 3<br>D-53359 Rheinbach<br>phone: +49 1515 2424711<br>email: <a href=\"mailto:o.breuer@giqs.org\">o.breuer@giqs.org<\/a><\/p>\n\n\n\n<h4>Deputy<\/h4>\n\n\n\n<p><strong>Dr. Tim M\u00e4kelburg<br><\/strong>Marie-Curie-Stra\u00dfe 3<br>D-53359 Rheinbach<br>phone: +49 179 1105976<br>email: <a href=\"mailto:t.maekelburg@giqs.org\">t.maekelburg@giqs.org<\/a><\/p>\n\n\n\n<h3 class=\"headline-impressum\">Supervisory board<\/h3>\n\n\n\n<p>Prof. Dr. Brigitte Petersen, Dr. Helmut W. Saatkamp, Johan Zandbergen<\/p>\n\n\n\n<h3 class=\"headline-impressum\">Register and Tax Office<\/h3>\n\n\n\n<p>Amtsgericht Kleve<br>Registration number: VR 1079<\/p>\n\n\n\n<p>Tax Office: St. Augustin<\/p>\n\n\n\n<h3 class=\"headline-impressum\">V.i.S.d. \u00a7 55 Abs. 2 RStV<\/h3>\n\n\n\n<p><strong>Dr. Oliver Breuer<\/strong><br>Marie-Curie-Stra\u00dfe 3<br>D-53359 Rheinbach<\/p>\n\n\n\n<h3 class=\"headline-impressum\">Branch offices<\/h3>\n\n\n\n<h4><strong>Kleve<\/strong><\/h4>\n\n\n\n<p>GIQS e.V.<br>Boschstra\u00dfe 16<br>D-47533 Kleve<\/p>\n\n\n\n<h4><strong>Gronau<\/strong><\/h4>\n\n\n\n<p>GIQS e.V. <br>L\u00f6hrings Weide 14<br>D-48599 Gronau<\/p>\n\n\n\n<h4><strong>Spiekeroog<\/strong><\/h4>\n\n\n\n<p>GIQS e.V.<br>Noorderpad 12a<br>D-26474 Spiekeroog<\/p>\n\n\n\n<h5 class=\"headline-impressum\">Picture credits<\/h5>\n\n\n\n<p>This website uses photos and services from Fotolia\/<a rel=\"noreferrer noopener\" href=\"https:\/\/stock.adobe.com\" target=\"_blank\">Adobe Stock<\/a>, <a rel=\"noreferrer noopener\" href=\"http:\/\/www.pixelio.de\/\" target=\"_blank\">Pixelio<\/a>, <a rel=\"noreferrer noopener\" href=\"https:\/\/pixabay.com\" target=\"_blank\">Pixabay<\/a>, <a rel=\"noreferrer noopener\" href=\"https:\/\/www.pexels.com\" target=\"_blank\">Pexels<\/a> and <a rel=\"noreferrer noopener\" href=\"https:\/\/unsplash.com\/\" target=\"_blank\">Unsplash<\/a>. The photo in the slider on the home page is a collage from the following sources: alotofpeople\/lim_pix\/fotolia.<\/p>\n\n\n\n<h5 class=\"headline-impressum\">Disclaimer<\/h5>\n\n\n\n<p>The\n links provided in these pages to the contents of Internet pages of \nthird parties (\u201cexternal contents\u201d) have been prepared by GIQS to the \nbest of its knowledge and with the greatest care possible. However, they\n are made available solely for the purpose of providing access to \n\u201cexternal contents\u201d.<\/p>\n\n\n\n<p>GIQS has no influence on the \u201cexternal \ncontents\u201d of linked websites operated by third parties and assumes no \nresponsibility for them. For the contents of such linked pages, only the\n relevant provider or operator shall be responsible. As soon as we \nbecome aware of violations of the law in connection with such links, we \nshall remove them immediately.<\/p>\n\n\n\n<p>All brand names and trademarks \nmentioned on the Internet site and possibly protected by third parties \nare, without restrictions, subject to the regulations of the applicable \ntrademark law as well as the rights of ownership of the registered \nproprietors. The mere fact that they are mentioned must not lead to the \nconclusion that trade names are not protected by third-party rights!<\/p>\n\n\n\n<p>GIQS\n has the copyright for objects created by GIQS registered association \nitself. Copying and using graphs, sound files, video clips and texts in \nother electronic or printed publications is forbidden without the \nexpress permission of the association. <\/p>\n\n\n\n<h5 class=\"headline-impressum\">Report an error<\/h5>\n\n\n\n<p>Should you discover any incompleteness and\/or errors, we would be pleased if you would inform us of them by e-mail at <a href=\"mailto:info@giqs.org\">info@giqs.org<\/a>.<\/p>\n\n\n\n<br><br>\n<div class=\"shariff shariff-align-flex-start shariff-widget-align-flex-start\"><ul class=\"shariff-buttons theme-color orientation-horizontal buttonsize-medium\"><li class=\"shariff-button twitter\" style=\"background-color:#9e9e9e\"><a href=\"https:\/\/twitter.com\/share?url=https%3A%2F%2Fwww.giqs.org%2Fen%2Fimprint%2F&text=Imprint\" title=\"Bei X teilen\" aria-label=\"Bei X teilen\" role=\"button\" rel=\"noopener nofollow\" class=\"shariff-link\" style=\"; background-color:#499db6; color:#fff\" target=\"_blank\"><span class=\"shariff-icon\" style=\"\"><svg width=\"32px\" height=\"20px\" xmlns=\"http:\/\/www.w3.org\/2000\/svg\" viewBox=\"0 0 24 24\"><path fill=\"#000\" d=\"M14.258 10.152L23.176 0h-2.113l-7.747 8.813L7.133 0H0l9.352 13.328L0 23.973h2.113l8.176-9.309 6.531 9.309h7.133zm-2.895 3.293l-.949-1.328L2.875 1.56h3.246l6.086 8.523.945 1.328 7.91 11.078h-3.246zm0 0\"\/><\/svg><\/span><span class=\"shariff-text\">teilen<\/span>&nbsp;<\/a><\/li><li class=\"shariff-button linkedin\" style=\"background-color:#9e9e9e\"><a href=\"https:\/\/www.linkedin.com\/sharing\/share-offsite\/?url=https%3A%2F%2Fwww.giqs.org%2Fen%2Fimprint%2F\" title=\"Bei LinkedIn teilen\" aria-label=\"Bei LinkedIn teilen\" role=\"button\" rel=\"noopener nofollow\" class=\"shariff-link\" style=\"; background-color:#499db6; color:#fff\" target=\"_blank\"><span class=\"shariff-icon\" style=\"\"><svg width=\"32px\" height=\"20px\" xmlns=\"http:\/\/www.w3.org\/2000\/svg\" viewBox=\"0 0 27 32\"><path fill=\"#0077b5\" d=\"M6.2 11.2v17.7h-5.9v-17.7h5.9zM6.6 5.7q0 1.3-0.9 2.2t-2.4 0.9h0q-1.5 0-2.4-0.9t-0.9-2.2 0.9-2.2 2.4-0.9 2.4 0.9 0.9 2.2zM27.4 18.7v10.1h-5.9v-9.5q0-1.9-0.7-2.9t-2.3-1.1q-1.1 0-1.9 0.6t-1.2 1.5q-0.2 0.5-0.2 1.4v9.9h-5.9q0-7.1 0-11.6t0-5.3l0-0.9h5.9v2.6h0q0.4-0.6 0.7-1t1-0.9 1.6-0.8 2-0.3q3 0 4.9 2t1.9 6z\"\/><\/svg><\/span><span class=\"shariff-text\">teilen<\/span>&nbsp;<\/a><\/li><li class=\"shariff-button xing\" style=\"background-color:#9e9e9e\"><a href=\"https:\/\/www.xing.com\/spi\/shares\/new?url=https%3A%2F%2Fwww.giqs.org%2Fen%2Fimprint%2F\" title=\"Bei XING teilen\" aria-label=\"Bei XING teilen\" role=\"button\" rel=\"noopener nofollow\" class=\"shariff-link\" style=\"; background-color:#499db6; color:#fff\" target=\"_blank\"><span class=\"shariff-icon\" style=\"\"><svg width=\"32px\" height=\"20px\" xmlns=\"http:\/\/www.w3.org\/2000\/svg\" viewBox=\"0 0 25 32\"><path fill=\"#126567\" d=\"M10.7 11.9q-0.2 0.3-4.6 8.2-0.5 0.8-1.2 0.8h-4.3q-0.4 0-0.5-0.3t0-0.6l4.5-8q0 0 0 0l-2.9-5q-0.2-0.4 0-0.7 0.2-0.3 0.5-0.3h4.3q0.7 0 1.2 0.8zM25.1 0.4q0.2 0.3 0 0.7l-9.4 16.7 6 11q0.2 0.4 0 0.6-0.2 0.3-0.6 0.3h-4.3q-0.7 0-1.2-0.8l-6-11.1q0.3-0.6 9.5-16.8 0.4-0.8 1.2-0.8h4.3q0.4 0 0.5 0.3z\"\/><\/svg><\/span><span class=\"shariff-text\">teilen<\/span>&nbsp;<\/a><\/li><li class=\"shariff-button facebook\" style=\"background-color:#9e9e9e\"><a href=\"https:\/\/www.facebook.com\/sharer\/sharer.php?u=https%3A%2F%2Fwww.giqs.org%2Fen%2Fimprint%2F\" title=\"Bei Facebook teilen\" aria-label=\"Bei Facebook teilen\" role=\"button\" rel=\"nofollow\" class=\"shariff-link\" style=\"; background-color:#499db6; color:#fff\" target=\"_blank\"><span class=\"shariff-icon\" style=\"\"><svg width=\"32px\" height=\"20px\" xmlns=\"http:\/\/www.w3.org\/2000\/svg\" viewBox=\"0 0 18 32\"><path fill=\"#3b5998\" d=\"M17.1 0.2v4.7h-2.8q-1.5 0-2.1 0.6t-0.5 1.9v3.4h5.2l-0.7 5.3h-4.5v13.6h-5.5v-13.6h-4.5v-5.3h4.5v-3.9q0-3.3 1.9-5.2t5-1.8q2.6 0 4.1 0.2z\"\/><\/svg><\/span><span class=\"shariff-text\">teilen<\/span>&nbsp;<\/a><\/li><li class=\"shariff-button whatsapp shariff-mobile\" style=\"background-color:#9e9e9e\"><a href=\"https:\/\/api.whatsapp.com\/send?text=https%3A%2F%2Fwww.giqs.org%2Fen%2Fimprint%2F%20Imprint\" title=\"Bei Whatsapp teilen\" aria-label=\"Bei Whatsapp teilen\" role=\"button\" rel=\"noopener nofollow\" class=\"shariff-link\" style=\"; background-color:#499db6; color:#fff\" target=\"_blank\"><span class=\"shariff-icon\" style=\"\"><svg width=\"32px\" height=\"20px\" xmlns=\"http:\/\/www.w3.org\/2000\/svg\" viewBox=\"0 0 32 32\"><path fill=\"#34af23\" d=\"M17.6 17.4q0.2 0 1.7 0.8t1.6 0.9q0 0.1 0 0.3 0 0.6-0.3 1.4-0.3 0.7-1.3 1.2t-1.8 0.5q-1 0-3.4-1.1-1.7-0.8-3-2.1t-2.6-3.3q-1.3-1.9-1.3-3.5v-0.1q0.1-1.6 1.3-2.8 0.4-0.4 0.9-0.4 0.1 0 0.3 0t0.3 0q0.3 0 0.5 0.1t0.3 0.5q0.1 0.4 0.6 1.6t0.4 1.3q0 0.4-0.6 1t-0.6 0.8q0 0.1 0.1 0.3 0.6 1.3 1.8 2.4 1 0.9 2.7 1.8 0.2 0.1 0.4 0.1 0.3 0 1-0.9t0.9-0.9zM14 26.9q2.3 0 4.3-0.9t3.6-2.4 2.4-3.6 0.9-4.3-0.9-4.3-2.4-3.6-3.6-2.4-4.3-0.9-4.3 0.9-3.6 2.4-2.4 3.6-0.9 4.3q0 3.6 2.1 6.6l-1.4 4.2 4.3-1.4q2.8 1.9 6.2 1.9zM14 2.2q2.7 0 5.2 1.1t4.3 2.9 2.9 4.3 1.1 5.2-1.1 5.2-2.9 4.3-4.3 2.9-5.2 1.1q-3.5 0-6.5-1.7l-7.4 2.4 2.4-7.2q-1.9-3.2-1.9-6.9 0-2.7 1.1-5.2t2.9-4.3 4.3-2.9 5.2-1.1z\"\/><\/svg><\/span><span class=\"shariff-text\">teilen<\/span>&nbsp;<\/a><\/li><li class=\"shariff-button mailto\" style=\"background-color:#9e9e9e\"><a href=\"mailto:?body=https%3A%2F%2Fwww.giqs.org%2Fen%2Fimprint%2F&subject=Imprint\" title=\"Per E-Mail versenden\" aria-label=\"Per E-Mail versenden\" role=\"button\" rel=\"noopener nofollow\" class=\"shariff-link\" style=\"; background-color:#499db6; color:#fff\"><span class=\"shariff-icon\" style=\"\"><svg width=\"32px\" height=\"20px\" xmlns=\"http:\/\/www.w3.org\/2000\/svg\" viewBox=\"0 0 32 32\"><path fill=\"#999\" d=\"M32 12.7v14.2q0 1.2-0.8 2t-2 0.9h-26.3q-1.2 0-2-0.9t-0.8-2v-14.2q0.8 0.9 1.8 1.6 6.5 4.4 8.9 6.1 1 0.8 1.6 1.2t1.7 0.9 2 0.4h0.1q0.9 0 2-0.4t1.7-0.9 1.6-1.2q3-2.2 8.9-6.1 1-0.7 1.8-1.6zM32 7.4q0 1.4-0.9 2.7t-2.2 2.2q-6.7 4.7-8.4 5.8-0.2 0.1-0.7 0.5t-1 0.7-0.9 0.6-1.1 0.5-0.9 0.2h-0.1q-0.4 0-0.9-0.2t-1.1-0.5-0.9-0.6-1-0.7-0.7-0.5q-1.6-1.1-4.7-3.2t-3.6-2.6q-1.1-0.7-2.1-2t-1-2.5q0-1.4 0.7-2.3t2.1-0.9h26.3q1.2 0 2 0.8t0.9 2z\"\/><\/svg><\/span><span class=\"shariff-text\">E-Mail<\/span>&nbsp;<\/a><\/li><\/ul><\/div>","protected":false},"excerpt":{"rendered":"<p>Imprint Contact and address According to \u00a7 5 TMG: Interessengemeinschaft Grenz\u00fcberschreitendeIntegrierte Qualit\u00e4tssicherung (GIQS) e.V. Boschstra\u00dfe 16D-47533 Kleve phone: +49 2226 871030 email: info@giqs.org Board office Marie-Curie-Stra\u00dfe 3D-53359 Rheinbach Jointly authorized to act: Chairman Dr. Oliver BreuerMarie-Curie-Stra\u00dfe 3D-53359 Rheinbachphone: +49 1515 2424711email: o.breuer@giqs.org Deputy Dr. Tim M\u00e4kelburgMarie-Curie-Stra\u00dfe 3D-53359 Rheinbachphone: +49 179 1105976email: t.maekelburg@giqs.org Supervisory board Prof. [&hellip;]<\/p>\n","protected":false},"author":1,"featured_media":0,"parent":0,"menu_order":0,"comment_status":"closed","ping_status":"closed","template":"","meta":{"inline_featured_image":false,"ngg_post_thumbnail":0},"_links":{"self":[{"href":"https:\/\/www.giqs.org\/en\/wp-json\/wp\/v2\/pages\/7533"}],"collection":[{"href":"https:\/\/www.giqs.org\/en\/wp-json\/wp\/v2\/pages"}],"about":[{"href":"https:\/\/www.giqs.org\/en\/wp-json\/wp\/v2\/types\/page"}],"author":[{"embeddable":true,"href":"https:\/\/www.giqs.org\/en\/wp-json\/wp\/v2\/users\/1"}],"replies":[{"embeddable":true,"href":"https:\/\/www.giqs.org\/en\/wp-json\/wp\/v2\/comments?post=7533"}],"version-history":[{"count":6,"href":"https:\/\/www.giqs.org\/en\/wp-json\/wp\/v2\/pages\/7533\/revisions"}],"predecessor-version":[{"id":9415,"href":"https:\/\/www.giqs.org\/en\/wp-json\/wp\/v2\/pages\/7533\/revisions\/9415"}],"wp:attachment":[{"href":"https:\/\/www.giqs.org\/en\/wp-json\/wp\/v2\/media?parent=7533"}],"curies":[{"name":"wp","href":"https:\/\/api.w.org\/{rel}","templated":true}]}}